{"id":1372,"date":"2016-02-12T08:12:49","date_gmt":"2016-02-12T08:12:49","guid":{"rendered":"http:\/\/demos.famethemes.com\/onepress\/?page_id=23"},"modified":"2020-05-07T22:03:10","modified_gmt":"2020-05-07T22:03:10","slug":"service-title-1","status":"publish","type":"page","link":"http:\/\/bungalowagency.com\/en\/service-title-1\/","title":{"rendered":"Cultural Projects"},"content":{"rendered":"<div class=\"page\" title=\"Page 1\">\n<div class=\"layoutArea\">\n<div class=\"column\">\n<p>Desde 2010 a Bungalow envolveu va\u0301rios projetos na America do Sul e America Central, como o Turne\u0302 de Arte de Rua \u201cDE MI BARRIO A TU BARRIO\u201d em Me\u0301xico, Nicara\u0301gua, Costa Rica, Panama\u0301, Guatemala, Trinidad &amp; Tobago, Jamaica e na Repu\u0301blica Dominicana, em cooperac\u0327a\u0303o com Goethe Networks \/ Goethe-Institut Cidade do Me\u0301xico.<\/p>\n<p class=\"p1\">Durante o Ano da Alemanha no Brasil 2013 &#8211; 2014, a Bungalow foi respons\u00e1vel pela produ\u00e7\u00e3o do Projeto KULTURTOUR, do Projeto PROTOTYPE | FESTIVAL DE SUSTENTABILIDADE NA ARTE e produziu a ILUMINA\u00c7\u00c3O DO TEATRO MUNICPAL para o evento de abertura em S\u00e3o Paulo.<\/p>\n<\/div>\n<p>Durante os Jogos Olympicos e Paralympicos no Rio de Janeiro em 2016, a Bungalow fez o gerenciamento do projeto JOGOS DO SUL para o Goethe-Institut, a GIZ &#8211; Gesellschaft f\u00fcr Internationale Zusammenarbeit, e para o DOSB &#8211; Deutscher Olympischer Sportbund.<\/p>\n<\/div>\n<p>De 2019 ate 2020 a Bungalow e respons\u00e1vel para o gerenciamento do projeto HUMBOLDT Y LAS AM\u00c9RICAS, um projeto cultural na Am\u00e9rica Latina inteira, celebrando os 250 anos de nascimento do cientista alem\u00e3o Alexander von Humboldt.<\/p>\n<\/div>\n\n\n<p><\/p>","protected":false},"excerpt":{"rendered":"<p>Curation<br \/>\nExhibitions<br \/>\nConsulting<br \/>\nProject Management<\/p>","protected":false},"author":2,"featured_media":0,"parent":0,"menu_order":0,"comment_status":"closed","ping_status":"closed","template":"","meta":{"footnotes":""},"class_list":["post-1372","page","type-page","status-publish","hentry"],"_links":{"self":[{"href":"http:\/\/bungalowagency.com\/en\/wp-json\/wp\/v2\/pages\/1372","targetHints":{"allow":["GET"]}}],"collection":[{"href":"http:\/\/bungalowagency.com\/en\/wp-json\/wp\/v2\/pages"}],"about":[{"href":"http:\/\/bungalowagency.com\/en\/wp-json\/wp\/v2\/types\/page"}],"author":[{"embeddable":true,"href":"http:\/\/bungalowagency.com\/en\/wp-json\/wp\/v2\/users\/2"}],"replies":[{"embeddable":true,"href":"http:\/\/bungalowagency.com\/en\/wp-json\/wp\/v2\/comments?post=1372"}],"version-history":[{"count":3,"href":"http:\/\/bungalowagency.com\/en\/wp-json\/wp\/v2\/pages\/1372\/revisions"}],"predecessor-version":[{"id":1595,"href":"http:\/\/bungalowagency.com\/en\/wp-json\/wp\/v2\/pages\/1372\/revisions\/1595"}],"wp:attachment":[{"href":"http:\/\/bungalowagency.com\/en\/wp-json\/wp\/v2\/media?parent=1372"}],"curies":[{"name":"wp","href":"https:\/\/api.w.org\/{rel}","templated":true}]}}