{"id":1607,"date":"2020-05-08T13:15:38","date_gmt":"2020-05-08T13:15:38","guid":{"rendered":"http:\/\/bungalowagency.com\/?page_id=1607"},"modified":"2021-08-05T18:19:25","modified_gmt":"2021-08-05T18:19:25","slug":"ben-cerqueira-beier","status":"publish","type":"page","link":"http:\/\/bungalowagency.com\/en\/ben-cerqueira-beier\/","title":{"rendered":"Ben Cerqueira Beier"},"content":{"rendered":"<p><\/p>\n\n\n\n<p><\/p>\n\n\n\n<figure class=\"wp-block-image size-full is-resized is-style-rounded\"><img loading=\"lazy\" decoding=\"async\" src=\"http:\/\/bungalowagency.com\/wp-content\/uploads\/2020\/05\/BenBeier.png\" alt=\"\" class=\"wp-image-1501\" width=\"203\" height=\"127\" srcset=\"http:\/\/bungalowagency.com\/wp-content\/uploads\/2020\/05\/BenBeier.png 640w, http:\/\/bungalowagency.com\/wp-content\/uploads\/2020\/05\/BenBeier-300x188.png 300w, http:\/\/bungalowagency.com\/wp-content\/uploads\/2020\/05\/BenBeier-480x300.png 480w\" sizes=\"auto, (max-width: 203px) 100vw, 203px\" \/><\/figure>\n\n\n\n<p><strong>\u00c1reas de compet\u00eancia&nbsp;<\/strong><\/p>\n\n\n\n<p>Assessor de Treinamento e Desenvolvimento \/ Marketing e M\u00eddia Social \/ Coordena\u00e7\u00e3o de Projetos e Workshops \/ Tradu\u00e7\u00e3o e Comunica\u00e7\u00e3o \/ Design Gr\u00e1fico \/ Cria\u00e7\u00e3o de Conte\u00fado \/ Pesquisa \/ Escrita<\/p>\n\n\n\n<p><strong>Forma\u00e7\u00e3o \/ Certifica\u00e7\u00f5es<\/strong>&nbsp;<\/p>\n\n\n\n<p>Bacharel em Ci\u00eancias Sociais pela Universidade Federal de Santa Catarina (UFSC), em Sociologia Pol\u00edtica. Certificado em Marketing &amp; Comunica\u00e7\u00f5es e Gest\u00e3o de Projetos pelo International Business Management Institute Berlin (IBMI).<\/p>\n\n\n\n<p><strong>Experi\u00eancia &amp; Resumo Profissional<\/strong><\/p>\n\n\n\n<p>Mais de 1 ano de experi\u00eancia no ambiente acad\u00eamico Alemanha x Brasil, trabalhando em projetos de post-Doc &#8211; envolvendo organiza\u00e7\u00e3o de evento, log\u00edstica, or\u00e7amentos, contato local, monitoramento, cria\u00e7\u00e3o de conte\u00fado. Representa\u00e7\u00e3o da Universit\u00e4t Potsdam no Brasil atuando em divulga\u00e7\u00f5es, eventos, marketing, webinars, participa\u00e7\u00e3o em feiras de escolas \/ universidades \/ institui\u00e7\u00f5es.&nbsp;<\/p>\n\n\n\n<p>1 ano de experi\u00eancia em cria\u00e7\u00e3o e coordena\u00e7\u00e3o de mais de 12 webinars abordando tem\u00e1ticas acad\u00eamicas Alemanha-Brasil e conte\u00fados diversos.&nbsp;<\/p>\n\n\n\n<p>Networking em de institui\u00e7\u00f5es acad\u00eamicas e interculturais \/ meios de divulga\u00e7\u00e3o.<\/p>\n\n\n\n<p>Experi\u00eancia com divulga\u00e7\u00e3o (Ads \/ advertising): como divulgar conte\u00fado da melhor maneira para alcan\u00e7ar o maior n\u00famero de pessoas e o p\u00fablico desejado.<\/p>\n\n\n\n<p>Trabalhos como assessor pela Flexpert Training Ltda. na \u00e1rea de design \/ m\u00eddia social \/ coordena\u00e7\u00e3o de eventos, workshops, webinars, cursos online \/ mailing \/ treinamentos \/ interculturalidades.<\/p>\n\n\n\n<p>Experi\u00eancia como estagi\u00e1rio em 2019 no DWIH SP ajudando na organiza\u00e7\u00e3o de projetos e eventos do &#8220;Postdoc at Freie Universit t Berlin, Technical University of Munich, University Alliance Ruhr, University of M\u00fcnster: Como seguir sua carreira de pesquisa nas melhores universidades alem\u00e3s&#8221;, atuando tamb\u00e9m em workshops e na produ\u00e7\u00e3o\/ design de documentos, banners, flyers para diversos eventos.<\/p>\n\n\n\n<p>Assistente de organiza\u00e7\u00e3o da Uni\u00e3o Internacional de Ci\u00eancias Antropol\u00f3gicas e Etnol\u00f3gicas (IUAES), Florian\u00f3polis , Brasil , 2018 (Organiza\u00e7\u00e3o geral do evento \/ tradutor).<\/p>\n\n\n\n<p>Co-organizador do Prototype | Festival de Sustentabilidade na Arte S\u00e3o Paulo: Palestras \/ Oficinas \/ Arte \/ M\u00fasica \/ Urbanismo , Curadoria : Jum Nakao . Dire\u00e7\u00e3o : Jum Nakao: Goethe-Institut S\u00e3o Paulo 2012 \/ 2014.<\/p>","protected":false},"excerpt":{"rendered":"<p>\u00c1reas de compet\u00eancia&nbsp; Assessor de Treinamento e Desenvolvimento \/ Marketing e M\u00eddia Social \/ Coordena\u00e7\u00e3o de Projetos e Workshops \/ Tradu\u00e7\u00e3o e Comunica\u00e7\u00e3o \/ Design Gr\u00e1fico \/ Cria\u00e7\u00e3o de Conte\u00fado &#8230;<\/p>","protected":false},"author":1,"featured_media":0,"parent":0,"menu_order":0,"comment_status":"closed","ping_status":"closed","template":"","meta":{"footnotes":""},"class_list":["post-1607","page","type-page","status-publish","hentry"],"_links":{"self":[{"href":"http:\/\/bungalowagency.com\/en\/wp-json\/wp\/v2\/pages\/1607","targetHints":{"allow":["GET"]}}],"collection":[{"href":"http:\/\/bungalowagency.com\/en\/wp-json\/wp\/v2\/pages"}],"about":[{"href":"http:\/\/bungalowagency.com\/en\/wp-json\/wp\/v2\/types\/page"}],"author":[{"embeddable":true,"href":"http:\/\/bungalowagency.com\/en\/wp-json\/wp\/v2\/users\/1"}],"replies":[{"embeddable":true,"href":"http:\/\/bungalowagency.com\/en\/wp-json\/wp\/v2\/comments?post=1607"}],"version-history":[{"count":3,"href":"http:\/\/bungalowagency.com\/en\/wp-json\/wp\/v2\/pages\/1607\/revisions"}],"predecessor-version":[{"id":2003,"href":"http:\/\/bungalowagency.com\/en\/wp-json\/wp\/v2\/pages\/1607\/revisions\/2003"}],"wp:attachment":[{"href":"http:\/\/bungalowagency.com\/en\/wp-json\/wp\/v2\/media?parent=1607"}],"curies":[{"name":"wp","href":"https:\/\/api.w.org\/{rel}","templated":true}]}}