{"id":1643,"date":"2020-05-27T18:21:02","date_gmt":"2020-05-27T18:21:02","guid":{"rendered":"http:\/\/bungalowagency.com\/?page_id=1643"},"modified":"2021-01-25T14:03:58","modified_gmt":"2021-01-25T14:03:58","slug":"projetos-academicos","status":"publish","type":"page","link":"http:\/\/bungalowagency.com\/en\/projetos-academicos\/","title":{"rendered":"Academic Projects"},"content":{"rendered":"<p>A Bungalow Agency atua tamb\u00e9m em projetos acad\u00eamicos.<\/p>\n\n\n\n<p><\/p>\n\n\n\n<p>Em breve iniciaremos uma nova etapa, focada em atender a comunidade acad\u00eamica brasileira, criando conte\u00fado e apresentando webinars sobre as possibilidades e situa\u00e7\u00e3o de estudo e pesquisa na Alemanha! Para saber mais entre em contato conosco!<\/p>","protected":false},"excerpt":{"rendered":"<p>A Bungalow Agency atua tamb\u00e9m em projetos acad\u00eamicos. Em breve iniciaremos uma nova etapa, focada em atender a comunidade acad\u00eamica brasileira, criando conte\u00fado e apresentando webinars sobre as possibilidades e &#8230;<\/p>","protected":false},"author":3,"featured_media":0,"parent":0,"menu_order":0,"comment_status":"closed","ping_status":"closed","template":"","meta":{"footnotes":""},"class_list":["post-1643","page","type-page","status-publish","hentry"],"_links":{"self":[{"href":"http:\/\/bungalowagency.com\/en\/wp-json\/wp\/v2\/pages\/1643","targetHints":{"allow":["GET"]}}],"collection":[{"href":"http:\/\/bungalowagency.com\/en\/wp-json\/wp\/v2\/pages"}],"about":[{"href":"http:\/\/bungalowagency.com\/en\/wp-json\/wp\/v2\/types\/page"}],"author":[{"embeddable":true,"href":"http:\/\/bungalowagency.com\/en\/wp-json\/wp\/v2\/users\/3"}],"replies":[{"embeddable":true,"href":"http:\/\/bungalowagency.com\/en\/wp-json\/wp\/v2\/comments?post=1643"}],"version-history":[{"count":2,"href":"http:\/\/bungalowagency.com\/en\/wp-json\/wp\/v2\/pages\/1643\/revisions"}],"predecessor-version":[{"id":1806,"href":"http:\/\/bungalowagency.com\/en\/wp-json\/wp\/v2\/pages\/1643\/revisions\/1806"}],"wp:attachment":[{"href":"http:\/\/bungalowagency.com\/en\/wp-json\/wp\/v2\/media?parent=1643"}],"curies":[{"name":"wp","href":"https:\/\/api.w.org\/{rel}","templated":true}]}}