{"id":2,"date":"2020-05-05T18:35:06","date_gmt":"2020-05-05T18:35:06","guid":{"rendered":"http:\/\/bungalowagency.com\/?page_id=2"},"modified":"2021-06-06T15:55:08","modified_gmt":"2021-06-06T15:55:08","slug":"holger-beier","status":"publish","type":"page","link":"http:\/\/bungalowagency.com\/en\/holger-beier\/","title":{"rendered":"Holger Beier"},"content":{"rendered":"<figure class=\"wp-block-image size-large is-resized is-style-default\"><img loading=\"lazy\" decoding=\"async\" src=\"http:\/\/bungalowagency.com\/wp-content\/uploads\/2020\/05\/Holger.png\" alt=\"\" class=\"wp-image-1496\" width=\"203\" height=\"127\" srcset=\"http:\/\/bungalowagency.com\/wp-content\/uploads\/2020\/05\/Holger.png 640w, http:\/\/bungalowagency.com\/wp-content\/uploads\/2020\/05\/Holger-300x188.png 300w, http:\/\/bungalowagency.com\/wp-content\/uploads\/2020\/05\/Holger-480x300.png 480w\" sizes=\"auto, (max-width: 203px) 100vw, 203px\" \/><\/figure>\n\n\n\n<p>Holger Beier, nascido na Alemanha, forma\u00e7\u00e3o em Rela\u00e7\u00f5es P\u00fablicas e Marketing, \u00e9 diretor da BungalowAgency, com sede em S\u00e3o Paulo e Berlim, especializada em gest\u00e3o de projetos para eventos culturais, de sustentabilidade e educacionais.<\/p>\n\n\n\n<p>A sua ag\u00eancia tamb\u00e9m trabalha em consultoria e desenvolvimento de projectos para o Minist\u00e9rio da Cultura no \u00e2mbito da Lei de Incentivo a Cultura, &#8220;Lei Rouanet&#8221;.<\/p>\n\n\n\n<p>Durante o Ano da Alemanha no Brasil 2013 &#8211; 2014 Holger Beier foi produtor e curador do projecto KULTURTOUR, do PROTOTYPE | FESTIVAL DE SUSTENTABILIDADE NA ARTE e produziu o LIGHTDESIGN para o evento de abertura no Teatro Municipal de S\u00e3o Paulo.<\/p>\n\n\n\n<p>De 2015 a 2017 foi gestor do projecto &#8220;JOGOS DO SUL&#8221;, um projecto de coopera\u00e7\u00e3o da Geselleschaft f\u00fcr Internationale Zusammenarbeit (GIZ), do Bundesministerium f\u00fcr Wirtschaftliche Zusammenarbeit (BMZ), do Deutschen Olympischen Sportbund (DOSB) e do Goethe-Institut para os Jogos Ol\u00edmpicos e Paraol\u00edmpicos no Rio de Janeiro. Na vespera dos Jogos Olimpicos ele produziu a confer\u00eancia &#8220;MEGA SUSTENTABILIDADE&#8221; no Museo do Arte do Rio (MAR), que reuniu especialistas internacionais de diversas \u00e1reas para debater o legado dos Jogos Ol\u00edmpicos RIO 2016.<\/p>\n\n\n\n<p>Em 2017 e 2018 ele foi respons\u00e1vel pela gest\u00e3o do projecto &#8220;APP JAM&#8221;, programa\u00e7\u00e3o de aplicativos educativos, e dos projectos &#8220;Mulheres No Jogo&#8221; e &#8220;Girl Games&#8221;, que reuniram programadoras alem\u00e3s e brasileiras num programa de trabalho convidado em ambos os pa\u00edses.<\/p>\n\n\n\n<p>De 2018 a 2020 ele \u00e9 responsavel pelo Gerenciamento do Projeto &#8220;HUMBOLDT Y LAS AM\u00c9RICAS&#8221;. Cerca de 294.000 visitantes em mais de 400 eventos comemoraram o nascimento do grande cientista alem\u00e3o Alexander von Humboldt em toda a Am\u00e9rica Latina e na Alemanha.<\/p>","protected":false},"excerpt":{"rendered":"<p>Holger Beier, nascido na Alemanha, forma\u00e7\u00e3o em Rela\u00e7\u00f5es P\u00fablicas e Marketing, \u00e9 diretor da BungalowAgency, com sede em S\u00e3o Paulo e Berlim, especializada em gest\u00e3o de projetos para eventos culturais, &#8230;<\/p>","protected":false},"author":1,"featured_media":0,"parent":0,"menu_order":0,"comment_status":"closed","ping_status":"closed","template":"","meta":{"footnotes":""},"class_list":["post-2","page","type-page","status-publish","hentry"],"_links":{"self":[{"href":"http:\/\/bungalowagency.com\/en\/wp-json\/wp\/v2\/pages\/2","targetHints":{"allow":["GET"]}}],"collection":[{"href":"http:\/\/bungalowagency.com\/en\/wp-json\/wp\/v2\/pages"}],"about":[{"href":"http:\/\/bungalowagency.com\/en\/wp-json\/wp\/v2\/types\/page"}],"author":[{"embeddable":true,"href":"http:\/\/bungalowagency.com\/en\/wp-json\/wp\/v2\/users\/1"}],"replies":[{"embeddable":true,"href":"http:\/\/bungalowagency.com\/en\/wp-json\/wp\/v2\/comments?post=2"}],"version-history":[{"count":9,"href":"http:\/\/bungalowagency.com\/en\/wp-json\/wp\/v2\/pages\/2\/revisions"}],"predecessor-version":[{"id":1989,"href":"http:\/\/bungalowagency.com\/en\/wp-json\/wp\/v2\/pages\/2\/revisions\/1989"}],"wp:attachment":[{"href":"http:\/\/bungalowagency.com\/en\/wp-json\/wp\/v2\/media?parent=2"}],"curies":[{"name":"wp","href":"https:\/\/api.w.org\/{rel}","templated":true}]}}