{"id":2061,"date":"2021-12-02T17:50:47","date_gmt":"2021-12-02T17:50:47","guid":{"rendered":"http:\/\/bungalowagency.com\/?page_id=2061"},"modified":"2021-12-02T17:50:47","modified_gmt":"2021-12-02T17:50:47","slug":"como-navegar-pelo-goethebahia-metaverso","status":"publish","type":"page","link":"http:\/\/bungalowagency.com\/en\/como-navegar-pelo-goethebahia-metaverso\/","title":{"rendered":"Como navegar pelo GoetheBahia #Metaverso"},"content":{"rendered":"<p class=\"has-medium-font-size\"><span class=\"has-inline-color has-luminous-vivid-orange-color\"><strong>PELO COMPUTADOR:<\/strong><\/span><\/p>\n\n\n\n<p class=\"has-normal-font-size\"><strong>1. CLIQUE NO LINK<\/strong><\/p>\n\n\n\n<p class=\"has-normal-font-size\"><strong>2. CLIQUE EM JOIN ROOM<\/strong><\/p>\n\n\n\n<p class=\"has-normal-font-size\">3. <strong>AUDIO SETUP \u2013 verifique se seu microfone est\u00e1 funcionando \u2013 h\u00e1 um sinal no circulo da esquerda?<\/strong><\/p>\n\n\n\n<p class=\"has-normal-font-size\"><strong>4. ENTER NOW \u2013 voc\u00ea estar\u00e1 entrando no espa\u00e7o<\/strong><\/p>\n\n\n\n<p class=\"has-normal-font-size\"><strong>Antes de andar por a\u00ed \u2013 ESCOLHA UM NOME PARA O SEU AVATAR QUE POSSA SER RECONHECIDO POR SEUS AMIGOS!<\/strong><\/p>\n\n\n\n<figure class=\"wp-block-image size-large\"><img loading=\"lazy\" decoding=\"async\" width=\"1024\" height=\"606\" src=\"http:\/\/bungalowagency.com\/wp-content\/uploads\/2021\/12\/GI_SA_COMPUTADOR_1-1024x606.jpg\" alt=\"\" class=\"wp-image-2062\" srcset=\"http:\/\/bungalowagency.com\/wp-content\/uploads\/2021\/12\/GI_SA_COMPUTADOR_1-1024x606.jpg 1024w, http:\/\/bungalowagency.com\/wp-content\/uploads\/2021\/12\/GI_SA_COMPUTADOR_1-300x178.jpg 300w, http:\/\/bungalowagency.com\/wp-content\/uploads\/2021\/12\/GI_SA_COMPUTADOR_1-768x455.jpg 768w, http:\/\/bungalowagency.com\/wp-content\/uploads\/2021\/12\/GI_SA_COMPUTADOR_1-16x9.jpg 16w, http:\/\/bungalowagency.com\/wp-content\/uploads\/2021\/12\/GI_SA_COMPUTADOR_1.jpg 1221w\" sizes=\"auto, (max-width: 1024px) 100vw, 1024px\" \/><\/figure>\n\n\n\n<figure class=\"wp-block-image size-large\"><img loading=\"lazy\" decoding=\"async\" width=\"1024\" height=\"606\" src=\"http:\/\/bungalowagency.com\/wp-content\/uploads\/2021\/12\/GI_SA_COMPUTADOR_2-1024x606.jpg\" alt=\"\" class=\"wp-image-2063\" srcset=\"http:\/\/bungalowagency.com\/wp-content\/uploads\/2021\/12\/GI_SA_COMPUTADOR_2-1024x606.jpg 1024w, http:\/\/bungalowagency.com\/wp-content\/uploads\/2021\/12\/GI_SA_COMPUTADOR_2-300x178.jpg 300w, http:\/\/bungalowagency.com\/wp-content\/uploads\/2021\/12\/GI_SA_COMPUTADOR_2-768x455.jpg 768w, http:\/\/bungalowagency.com\/wp-content\/uploads\/2021\/12\/GI_SA_COMPUTADOR_2-16x9.jpg 16w, http:\/\/bungalowagency.com\/wp-content\/uploads\/2021\/12\/GI_SA_COMPUTADOR_2.jpg 1221w\" sizes=\"auto, (max-width: 1024px) 100vw, 1024px\" \/><\/figure>\n\n\n\n<figure class=\"wp-block-image size-large\"><img loading=\"lazy\" decoding=\"async\" width=\"1024\" height=\"606\" src=\"http:\/\/bungalowagency.com\/wp-content\/uploads\/2021\/12\/GI_SA_COMPUTADOR_3-1024x606.jpg\" alt=\"\" class=\"wp-image-2064\" srcset=\"http:\/\/bungalowagency.com\/wp-content\/uploads\/2021\/12\/GI_SA_COMPUTADOR_3-1024x606.jpg 1024w, http:\/\/bungalowagency.com\/wp-content\/uploads\/2021\/12\/GI_SA_COMPUTADOR_3-300x178.jpg 300w, http:\/\/bungalowagency.com\/wp-content\/uploads\/2021\/12\/GI_SA_COMPUTADOR_3-768x455.jpg 768w, http:\/\/bungalowagency.com\/wp-content\/uploads\/2021\/12\/GI_SA_COMPUTADOR_3-16x9.jpg 16w, http:\/\/bungalowagency.com\/wp-content\/uploads\/2021\/12\/GI_SA_COMPUTADOR_3.jpg 1221w\" sizes=\"auto, (max-width: 1024px) 100vw, 1024px\" \/><\/figure>\n\n\n\n<figure class=\"wp-block-image size-large\"><img loading=\"lazy\" decoding=\"async\" width=\"1024\" height=\"606\" src=\"http:\/\/bungalowagency.com\/wp-content\/uploads\/2021\/12\/GI_SA_COMPUTADOR_4-1024x606.jpg\" alt=\"\" class=\"wp-image-2065\" srcset=\"http:\/\/bungalowagency.com\/wp-content\/uploads\/2021\/12\/GI_SA_COMPUTADOR_4-1024x606.jpg 1024w, http:\/\/bungalowagency.com\/wp-content\/uploads\/2021\/12\/GI_SA_COMPUTADOR_4-300x177.jpg 300w, http:\/\/bungalowagency.com\/wp-content\/uploads\/2021\/12\/GI_SA_COMPUTADOR_4-768x454.jpg 768w, http:\/\/bungalowagency.com\/wp-content\/uploads\/2021\/12\/GI_SA_COMPUTADOR_4-16x9.jpg 16w, http:\/\/bungalowagency.com\/wp-content\/uploads\/2021\/12\/GI_SA_COMPUTADOR_4.jpg 1221w\" sizes=\"auto, (max-width: 1024px) 100vw, 1024px\" \/><\/figure>\n\n\n\n<p class=\"has-medium-font-size\"><meta charset=\"utf-8\"><meta charset=\"utf-8\"><\/p>\n\n\n\n<p>.<\/p>\n\n\n\n<p class=\"has-medium-font-size\"><span class=\"has-inline-color has-luminous-vivid-orange-color\"><strong>PELO SMARTPHONE:<\/strong><\/span><\/p>\n\n\n\n<p class=\"has-normal-font-size\"><strong>1. CLIQUE NO LINK<\/strong><\/p>\n\n\n\n<p class=\"has-normal-font-size\"><strong>2. CLIQUE EM JOIN ROOM<\/strong><\/p>\n\n\n\n<p class=\"has-normal-font-size\"><strong>3.<\/strong> <strong>AUDIO SETUP \u2013 verifique se seu microfone est\u00e1 funcionando \u2013 h\u00e1 um sinal no circulo da esquerda?<\/strong><\/p>\n\n\n\n<p><meta charset=\"utf-8\"><strong>Caso n\u00e3o haja sinal azul no c\u00edrculo &#8220;falar&#8221;, tente conectar seus fones de ouvido que devem incluir um microfone embutido.<\/strong><\/p>\n\n\n\n<p class=\"has-normal-font-size\"><strong>4. ENTER NOW \u2013 voc\u00ea estar\u00e1 entrando no espa\u00e7o<\/strong><\/p>\n\n\n\n<p class=\"has-normal-font-size\"><strong>5. ANTES DE ANDAR POR AUQUI:  D\u00ca AO SEU AVATAR UM NOME QUE SEUS AMIGOS PODEM RECONHECER !<\/strong><\/p>\n\n\n\n<p class=\"has-normal-font-size\"><strong>6. COMO SE MOVIMENTAR NO ESPA\u00c7O:<\/strong><\/p>\n\n\n\n<ol class=\"wp-block-list\"><li>Indo em frente na galeria: <strong>USE A FUN\u00c7\u00c3O @ FINGER ZOOM.<\/strong> Aperte dois dedos juntos para diminuir o zoom; afaste-os para aumentar o zoom.<\/li><\/ol>\n\n\n\n<p class=\"has-normal-font-size\">2. Mova seu telefone para a esquerda ou direita para virar para a esquerda ou direita. Ou navegue para a esquerda ou direita, deslizando a tela para a esquerda ou direita na dire\u00e7\u00e3o que voc\u00ea deseja ir\/visualizar.<\/p>\n\n\n\n<figure class=\"wp-block-image size-large\"><img loading=\"lazy\" decoding=\"async\" width=\"485\" height=\"1024\" src=\"http:\/\/bungalowagency.com\/wp-content\/uploads\/2021\/12\/GI_SA_SMARTPHONE_1-485x1024.jpg\" alt=\"\" class=\"wp-image-2066\" srcset=\"http:\/\/bungalowagency.com\/wp-content\/uploads\/2021\/12\/GI_SA_SMARTPHONE_1-485x1024.jpg 485w, http:\/\/bungalowagency.com\/wp-content\/uploads\/2021\/12\/GI_SA_SMARTPHONE_1-142x300.jpg 142w, http:\/\/bungalowagency.com\/wp-content\/uploads\/2021\/12\/GI_SA_SMARTPHONE_1-768x1621.jpg 768w, http:\/\/bungalowagency.com\/wp-content\/uploads\/2021\/12\/GI_SA_SMARTPHONE_1-728x1536.jpg 728w, http:\/\/bungalowagency.com\/wp-content\/uploads\/2021\/12\/GI_SA_SMARTPHONE_1-970x2048.jpg 970w, http:\/\/bungalowagency.com\/wp-content\/uploads\/2021\/12\/GI_SA_SMARTPHONE_1-6x12.jpg 6w, http:\/\/bungalowagency.com\/wp-content\/uploads\/2021\/12\/GI_SA_SMARTPHONE_1.jpg 1080w\" sizes=\"auto, (max-width: 485px) 100vw, 485px\" \/><\/figure>\n\n\n\n<figure class=\"wp-block-image size-large\"><img loading=\"lazy\" decoding=\"async\" width=\"485\" height=\"1024\" src=\"http:\/\/bungalowagency.com\/wp-content\/uploads\/2021\/12\/GI_SA_SMARTPHONE_2-485x1024.jpg\" alt=\"\" class=\"wp-image-2067\" srcset=\"http:\/\/bungalowagency.com\/wp-content\/uploads\/2021\/12\/GI_SA_SMARTPHONE_2-485x1024.jpg 485w, http:\/\/bungalowagency.com\/wp-content\/uploads\/2021\/12\/GI_SA_SMARTPHONE_2-142x300.jpg 142w, http:\/\/bungalowagency.com\/wp-content\/uploads\/2021\/12\/GI_SA_SMARTPHONE_2-768x1621.jpg 768w, http:\/\/bungalowagency.com\/wp-content\/uploads\/2021\/12\/GI_SA_SMARTPHONE_2-728x1536.jpg 728w, http:\/\/bungalowagency.com\/wp-content\/uploads\/2021\/12\/GI_SA_SMARTPHONE_2-970x2048.jpg 970w, http:\/\/bungalowagency.com\/wp-content\/uploads\/2021\/12\/GI_SA_SMARTPHONE_2-6x12.jpg 6w, http:\/\/bungalowagency.com\/wp-content\/uploads\/2021\/12\/GI_SA_SMARTPHONE_2.jpg 1080w\" sizes=\"auto, (max-width: 485px) 100vw, 485px\" \/><\/figure>\n\n\n\n<figure class=\"wp-block-image size-large\"><img loading=\"lazy\" decoding=\"async\" width=\"485\" height=\"1024\" src=\"http:\/\/bungalowagency.com\/wp-content\/uploads\/2021\/12\/GI_SA_SMARTPHONE_3-485x1024.jpg\" alt=\"\" class=\"wp-image-2068\" srcset=\"http:\/\/bungalowagency.com\/wp-content\/uploads\/2021\/12\/GI_SA_SMARTPHONE_3-485x1024.jpg 485w, http:\/\/bungalowagency.com\/wp-content\/uploads\/2021\/12\/GI_SA_SMARTPHONE_3-142x300.jpg 142w, http:\/\/bungalowagency.com\/wp-content\/uploads\/2021\/12\/GI_SA_SMARTPHONE_3-768x1621.jpg 768w, http:\/\/bungalowagency.com\/wp-content\/uploads\/2021\/12\/GI_SA_SMARTPHONE_3-728x1536.jpg 728w, http:\/\/bungalowagency.com\/wp-content\/uploads\/2021\/12\/GI_SA_SMARTPHONE_3-970x2048.jpg 970w, http:\/\/bungalowagency.com\/wp-content\/uploads\/2021\/12\/GI_SA_SMARTPHONE_3-6x12.jpg 6w, http:\/\/bungalowagency.com\/wp-content\/uploads\/2021\/12\/GI_SA_SMARTPHONE_3.jpg 1080w\" sizes=\"auto, (max-width: 485px) 100vw, 485px\" \/><\/figure>\n\n\n\n<figure class=\"wp-block-image size-large\"><img loading=\"lazy\" decoding=\"async\" width=\"485\" height=\"1024\" src=\"http:\/\/bungalowagency.com\/wp-content\/uploads\/2021\/12\/GI_SA_SMARTPHONE_4-485x1024.jpg\" alt=\"\" class=\"wp-image-2069\" srcset=\"http:\/\/bungalowagency.com\/wp-content\/uploads\/2021\/12\/GI_SA_SMARTPHONE_4-485x1024.jpg 485w, http:\/\/bungalowagency.com\/wp-content\/uploads\/2021\/12\/GI_SA_SMARTPHONE_4-142x300.jpg 142w, http:\/\/bungalowagency.com\/wp-content\/uploads\/2021\/12\/GI_SA_SMARTPHONE_4-768x1621.jpg 768w, http:\/\/bungalowagency.com\/wp-content\/uploads\/2021\/12\/GI_SA_SMARTPHONE_4-728x1536.jpg 728w, http:\/\/bungalowagency.com\/wp-content\/uploads\/2021\/12\/GI_SA_SMARTPHONE_4-970x2048.jpg 970w, http:\/\/bungalowagency.com\/wp-content\/uploads\/2021\/12\/GI_SA_SMARTPHONE_4-6x12.jpg 6w, http:\/\/bungalowagency.com\/wp-content\/uploads\/2021\/12\/GI_SA_SMARTPHONE_4.jpg 1080w\" sizes=\"auto, (max-width: 485px) 100vw, 485px\" \/><\/figure>","protected":false},"excerpt":{"rendered":"<p>PELO COMPUTADOR: 1. CLIQUE NO LINK 2. CLIQUE EM JOIN ROOM 3. AUDIO SETUP \u2013 verifique se seu microfone est\u00e1 funcionando \u2013 h\u00e1 um sinal no circulo da esquerda? 4. &#8230;<\/p>","protected":false},"author":1,"featured_media":0,"parent":0,"menu_order":0,"comment_status":"closed","ping_status":"closed","template":"","meta":{"footnotes":""},"class_list":["post-2061","page","type-page","status-publish","hentry"],"_links":{"self":[{"href":"http:\/\/bungalowagency.com\/en\/wp-json\/wp\/v2\/pages\/2061","targetHints":{"allow":["GET"]}}],"collection":[{"href":"http:\/\/bungalowagency.com\/en\/wp-json\/wp\/v2\/pages"}],"about":[{"href":"http:\/\/bungalowagency.com\/en\/wp-json\/wp\/v2\/types\/page"}],"author":[{"embeddable":true,"href":"http:\/\/bungalowagency.com\/en\/wp-json\/wp\/v2\/users\/1"}],"replies":[{"embeddable":true,"href":"http:\/\/bungalowagency.com\/en\/wp-json\/wp\/v2\/comments?post=2061"}],"version-history":[{"count":1,"href":"http:\/\/bungalowagency.com\/en\/wp-json\/wp\/v2\/pages\/2061\/revisions"}],"predecessor-version":[{"id":2070,"href":"http:\/\/bungalowagency.com\/en\/wp-json\/wp\/v2\/pages\/2061\/revisions\/2070"}],"wp:attachment":[{"href":"http:\/\/bungalowagency.com\/en\/wp-json\/wp\/v2\/media?parent=2061"}],"curies":[{"name":"wp","href":"https:\/\/api.w.org\/{rel}","templated":true}]}}