{"id":7,"date":"2020-05-05T18:56:54","date_gmt":"2020-05-05T18:56:54","guid":{"rendered":"http:\/\/bungalowagency.com\/?page_id=7"},"modified":"2021-08-06T17:09:56","modified_gmt":"2021-08-06T17:09:56","slug":"about","status":"publish","type":"page","link":"http:\/\/bungalowagency.com\/en\/about\/","title":{"rendered":"About"},"content":{"rendered":"<p>Bungalow \u00e9 uma Ag\u00eancia Cultural, baseada no Brasil e na Alemanha, especializada em projetos culturais e sustent\u00e1veis, agora extendendo para o ambiente acad\u00eamico.<\/p>\n\n\n\n<p><\/p>","protected":false},"excerpt":{"rendered":"<p>Bungalow \u00e9 uma Ag\u00eancia Cultural, baseada no Brasil e na Alemanha, especializada em projetos culturais e sustent\u00e1veis, agora extendendo para o ambiente acad\u00eamico.<\/p>","protected":false},"author":1,"featured_media":0,"parent":0,"menu_order":0,"comment_status":"closed","ping_status":"closed","template":"","meta":{"footnotes":""},"class_list":["post-7","page","type-page","status-publish","hentry"],"_links":{"self":[{"href":"http:\/\/bungalowagency.com\/en\/wp-json\/wp\/v2\/pages\/7","targetHints":{"allow":["GET"]}}],"collection":[{"href":"http:\/\/bungalowagency.com\/en\/wp-json\/wp\/v2\/pages"}],"about":[{"href":"http:\/\/bungalowagency.com\/en\/wp-json\/wp\/v2\/types\/page"}],"author":[{"embeddable":true,"href":"http:\/\/bungalowagency.com\/en\/wp-json\/wp\/v2\/users\/1"}],"replies":[{"embeddable":true,"href":"http:\/\/bungalowagency.com\/en\/wp-json\/wp\/v2\/comments?post=7"}],"version-history":[{"count":3,"href":"http:\/\/bungalowagency.com\/en\/wp-json\/wp\/v2\/pages\/7\/revisions"}],"predecessor-version":[{"id":2051,"href":"http:\/\/bungalowagency.com\/en\/wp-json\/wp\/v2\/pages\/7\/revisions\/2051"}],"wp:attachment":[{"href":"http:\/\/bungalowagency.com\/en\/wp-json\/wp\/v2\/media?parent=7"}],"curies":[{"name":"wp","href":"https:\/\/api.w.org\/{rel}","templated":true}]}}